{"id":30,"date":"2024-04-09T05:14:35","date_gmt":"2024-04-09T03:14:35","guid":{"rendered":"http:\/\/relaunch.abl-kenzingen.de\/wordpress\/?page_id=30"},"modified":"2026-03-02T11:56:42","modified_gmt":"2026-03-02T10:56:42","slug":"termine","status":"publish","type":"page","link":"http:\/\/www.abl-kenzingen.de\/index.php\/termine\/","title":{"rendered":"Termine"},"content":{"rendered":"\t\t<div data-elementor-type=\"wp-page\" data-elementor-id=\"30\" class=\"elementor elementor-30\">\n\t\t\t\t<div class=\"elementor-element elementor-element-319d57a e-con-full e-flex wpr-particle-no wpr-jarallax-no wpr-parallax-no wpr-sticky-section-no e-con e-parent\" data-id=\"319d57a\" data-element_type=\"container\" data-settings=\"{&quot;background_background&quot;:&quot;classic&quot;}\">\n\t\t\t\t<\/div>\n\t\t<div class=\"elementor-element elementor-element-33425cb e-flex e-con-boxed wpr-particle-no wpr-jarallax-no wpr-parallax-no wpr-sticky-section-no e-con e-parent\" data-id=\"33425cb\" data-element_type=\"container\">\n\t\t\t\t\t<div class=\"e-con-inner\">\n\t\t\t\t<div class=\"elementor-element elementor-element-227b471 elementor-widget elementor-widget-heading\" data-id=\"227b471\" data-element_type=\"widget\" data-widget_type=\"heading.default\">\n\t\t\t\t<div class=\"elementor-widget-container\">\n\t\t\t\t\t<h2 class=\"elementor-heading-title elementor-size-default\">Unsere Termine<\/h2>\t\t\t\t<\/div>\n\t\t\t\t<\/div>\n\t\t\t\t<div class=\"elementor-element elementor-element-71ede9c elementor-widget elementor-widget-text-editor\" data-id=\"71ede9c\" data-element_type=\"widget\" data-widget_type=\"text-editor.default\">\n\t\t\t\t<div class=\"elementor-widget-container\">\n\t\t\t\t\t\t\t\t\t<p><a href=\"https:\/\/kenzingen-sitzungsdienst.komm.one\/bi\/info.asp\">Hier finden Sie die Termine im Rahmen unserer Arbeit im Gemeinderat. Diese Terminen nehmen wir wahr, zu \u00f6ffentlichen Terminen sind Sie als B\u00fcrgerInnen und B\u00fcrger herzlich willkommen.<\/a><\/p><p>offene Fraktionssitzung: Jeweils im Fraktionsszimmer <span class=\"T286Pc\" data-sfc-cp=\"\" data-processed=\"true\">Hauptstra\u00dfe 17, 79341 Kenzingen (Eingang \u00fcber die Brotstra\u00dfe)<strong> 20 Uhr<\/strong>\u00a0<\/span><\/p><p>17.03.26<\/p><p>14.04.26<\/p><p>12.05.26<\/p><p>09.06.26<\/p><p>07.07.26<\/p><p><a href=\"https:\/\/www.abl-kenzingen.de\/index.php\/kontakt\/\">M\u00f6chten Sie \u00fcber interne Termine informiert werden? Dann nehmen Sie gerne Kontakt mit uns auf.<\/a><\/p>\t\t\t\t\t\t\t\t<\/div>\n\t\t\t\t<\/div>\n\t\t\t\t\t<\/div>\n\t\t\t\t<\/div>\n\t\t\t\t<\/div>\n\t\t","protected":false},"excerpt":{"rendered":"<p>Unsere Termine Hier finden Sie die Termine im Rahmen unserer Arbeit im Gemeinderat. Diese Terminen nehmen wir wahr, zu \u00f6ffentlichen Terminen sind Sie als B\u00fcrgerInnen und B\u00fcrger herzlich willkommen. offene Fraktionssitzung: Jeweils im Fraktionsszimmer Hauptstra\u00dfe 17, 79341 Kenzingen (Eingang \u00fcber die Brotstra\u00dfe) 20 Uhr\u00a0 17.03.26 14.04.26 12.05.26 09.06.26 07.07.26 M\u00f6chten Sie \u00fcber interne Termine informiert werden? Dann nehmen Sie gerne Kontakt mit uns auf.<\/p>\n","protected":false},"author":1,"featured_media":0,"parent":0,"menu_order":0,"comment_status":"closed","ping_status":"closed","template":"","meta":{"site-sidebar-layout":"no-sidebar","site-content-layout":"","ast-site-content-layout":"full-width-container","site-content-style":"default","site-sidebar-style":"default","ast-global-header-display":"","ast-banner-title-visibility":"","ast-main-header-display":"","ast-hfb-above-header-display":"","ast-hfb-below-header-display":"","ast-hfb-mobile-header-display":"","site-post-title":"","ast-breadcrumbs-content":"","ast-featured-img":"disabled","footer-sml-layout":"","theme-transparent-header-meta":"","adv-header-id-meta":"","stick-header-meta":"","header-above-stick-meta":"","header-main-stick-meta":"","header-below-stick-meta":"","astra-migrate-meta-layouts":"default","ast-page-background-enabled":"default","ast-page-background-meta":{"desktop":{"background-color":"var(--ast-global-color-4)","background-image":"","background-repeat":"repeat","background-position":"center center","background-size":"auto","background-attachment":"scroll","background-type":"","background-media":"","overlay-type":"","overlay-color":"","overlay-opacity":"","overlay-gradient":""},"tablet":{"background-color":"","background-image":"","background-repeat":"repeat","background-position":"center center","background-size":"auto","background-attachment":"scroll","background-type":"","background-media":"","overlay-type":"","overlay-color":"","overlay-opacity":"","overlay-gradient":""},"mobile":{"background-color":"","background-image":"","background-repeat":"repeat","background-position":"center center","background-size":"auto","background-attachment":"scroll","background-type":"","background-media":"","overlay-type":"","overlay-color":"","overlay-opacity":"","overlay-gradient":""}},"ast-content-background-meta":{"desktop":{"background-color":"var(--ast-global-color-5)","background-image":"","background-repeat":"repeat","background-position":"center center","background-size":"auto","background-attachment":"scroll","background-type":"","background-media":"","overlay-type":"","overlay-color":"","overlay-opacity":"","overlay-gradient":""},"tablet":{"background-color":"var(--ast-global-color-5)","background-image":"","background-repeat":"repeat","background-position":"center center","background-size":"auto","background-attachment":"scroll","background-type":"","background-media":"","overlay-type":"","overlay-color":"","overlay-opacity":"","overlay-gradient":""},"mobile":{"background-color":"var(--ast-global-color-5)","background-image":"","background-repeat":"repeat","background-position":"center center","background-size":"auto","background-attachment":"scroll","background-type":"","background-media":"","overlay-type":"","overlay-color":"","overlay-opacity":"","overlay-gradient":""}},"footnotes":""},"class_list":["post-30","page","type-page","status-publish","hentry"],"_links":{"self":[{"href":"http:\/\/www.abl-kenzingen.de\/index.php\/wp-json\/wp\/v2\/pages\/30","targetHints":{"allow":["GET"]}}],"collection":[{"href":"http:\/\/www.abl-kenzingen.de\/index.php\/wp-json\/wp\/v2\/pages"}],"about":[{"href":"http:\/\/www.abl-kenzingen.de\/index.php\/wp-json\/wp\/v2\/types\/page"}],"author":[{"embeddable":true,"href":"http:\/\/www.abl-kenzingen.de\/index.php\/wp-json\/wp\/v2\/users\/1"}],"replies":[{"embeddable":true,"href":"http:\/\/www.abl-kenzingen.de\/index.php\/wp-json\/wp\/v2\/comments?post=30"}],"version-history":[{"count":49,"href":"http:\/\/www.abl-kenzingen.de\/index.php\/wp-json\/wp\/v2\/pages\/30\/revisions"}],"predecessor-version":[{"id":694,"href":"http:\/\/www.abl-kenzingen.de\/index.php\/wp-json\/wp\/v2\/pages\/30\/revisions\/694"}],"wp:attachment":[{"href":"http:\/\/www.abl-kenzingen.de\/index.php\/wp-json\/wp\/v2\/media?parent=30"}],"curies":[{"name":"wp","href":"https:\/\/api.w.org\/{rel}","templated":true}]}}